{"id":20,"date":"2014-02-26T14:54:52","date_gmt":"2014-02-26T12:54:52","guid":{"rendered":"https:\/\/www.anadavilacasting.de\/?page_id=20"},"modified":"2024-07-02T21:30:48","modified_gmt":"2024-07-02T19:30:48","slug":"ueber-uns","status":"publish","type":"page","link":"https:\/\/www.anadavilacasting.de\/de\/ueber-uns\/","title":{"rendered":"Profil"},"content":{"rendered":"<p>Casting Director Ana D\u00e1vila besetzt seit \u00fcber 20 Jahren erfolgreich Spielfilme, TV Serien, Werbespots, Kurzfilme und Musikvideos. Darunter preisgekr\u00f6nte Kinofilme wie Oskar Roehlers &#8222;Die Unber\u00fchrbare&#8220;, Ralf Schmerbergs &#8222;Poem&#8220;,\u00a0Tom Lass\u00b4 &#8222;Blind &amp; H\u00e4sslich&#8220;, zahlreiche TV Produktionen und Serien, sowie hochkar\u00e4tige Werbeproduktionen f\u00fcr internationale Kampagnen.. Im Laufe Ihrer Karriere war sie f\u00fcr das Casting von \u00fcber 600 Produktionen verantwortlich, dementsprechend sch\u00f6pft sie aus einem immensen Erfahrungspool, um zielsicher und mit Herzblut f\u00fcr jede Produktion die stimmigste Besetzung zusammenzustellen.<\/p>\n<p>In den Jahren 2020 und 2021 wurde sie f\u00fcr den Castingpreis der Deutschen Akademie f\u00fcr Fernsehen (DAfF) nominiert, f\u00fcr das Casting der Fernsehserie &#8222;Deutscher&#8220; und des Spielfilms &#8222;Im Abgrund&#8220;.<\/p>\n<p>Ana D\u00e1vila ist Mitglied im Bundesverband Casting e.V. ( <a href=\"https:\/\/castingverband.de\/\" target=\"_blank\" rel=\"noopener noreferrer\">BVC<\/a> )<br \/>\n<a href=\"http:\/\/www.imdb.com\/name\/nm0246278\/?ref_=fn_al_nm_1\" target=\"_blank\" rel=\"noopener noreferrer\">IMDB<\/a><br \/>\n<a href=\"https:\/\/www.instagram.com\/anadavilacasting\/\" target=\"_blank\" rel=\"noopener noreferrer\">INSTAGRAM<\/a><br \/>\n<a href=\"https:\/\/www.crew-united.com\/en\/Ana-Davila_29468.html\" target=\"_blank\" rel=\"noopener noreferrer\">CREW-UNITED<\/a><\/p>\n<p>&nbsp;<\/p>\n<p><strong>AUSWAHL AUSZEICHNUNGEN &amp; FESTIVALS | FILM &amp; TV<\/strong><\/p>\n<p><strong>Love Sucks | TV Serie<\/strong><br \/>\nBernd Burgemeister Preis | Beste TV Serie | Filmfestival M\u00fcnchen 2024<\/p>\n<p><strong>Der Heimweg | TV Movie<\/strong><br \/>\nGolden Nymph Award Nominee | Official Selection Fiction | Monte-Carlo Television Festival 2024<\/p>\n<p><strong>Himmel &amp; Erde &#8211; \u041d\u0435\u0431\u043e \u0442\u0430 \u0417\u0435\u043c\u043b\u044f\u00a0 | Miniserie (Produktion: Studio Zentral f\u00fcr ZDFneo)<\/strong><br \/>\nGrimme Preis Nominierung im Wettbewerb Fiktion 2023<\/p>\n<p><strong>Martha Liebermann<\/strong> | <strong>TV Movie<\/strong><br \/>\nGolden Nymph Award | Bester Film | Festival de Television Monte-Carlo 2022<br \/>\nGolden Nymph Award | Beste Schauspielerin Thekla Carola Wied | Festival de Television Monte-Carlo 2022<\/p>\n<p><strong>Im Abgrund | TV Movie<\/strong><br \/>\nAuszeichnung der Deutschen Akademie f\u00fcr Fernsehen 2021:<br \/>\nNominierung Bestes Casting | Ana D\u00e1vila (Casting Erwachsene) und\u00a0Anna Kowalski (Kinderrollen)<br \/>\nOfficial Selection | Munich International Filmfestival 2020<\/p>\n<p><strong>Liebe. Jetzt! Christmas Edition (Produktion: Studio Zentral f\u00fcr ZDFneo)<\/strong><br \/>\nGrimme Preis Nominierung im Wettbewerb Fiktion 2021<\/p>\n<p><strong>@Kalinka08 (Produktion: Studio Zentral f\u00fcr ZDF)<\/strong><br \/>\nGrimme Preis Nominierung im Wettbewerb Kinder und Jugend Spezial 2021<\/p>\n<p><strong>Deutscher | Miniserie<\/strong><br \/>\nAuszeichnung der Deutschen Akademie f\u00fcr Fernsehen 2020:<br \/>\nNominierung Bestes Casting | Ana D\u00e1vila (Casting Erwachsene) und Angelika Buschina (Jugendrollen)<br \/>\nNominierung Beste Regie |Simon Ostermann und Sophie Linnenbaum<\/p>\n<p><strong>Deine Farbe | Your Color<\/strong><br \/>\n53.Internationale Hofer Filmtage\u00a0 | Official Selection 2019<br \/>\nDiorama International Filmfestival\u00a0 | Official Selection\u00a02020<br \/>\nVegas Movie Awards | Official Selection\u00a02020<br \/>\nVegas Movie Awards 2020 |\u00a0Best Narrative Feature | Competition\u00a0February 2020<br \/>\nVegas Movie Awards 2020 | Best Woman Filmmaker Marie Diane Ventura |\u00a0 Competition February 2020<\/p>\n<p>London International Film Festival 2020<br \/>\nNomination Best Feature Film: Marie Diane Ventura<br \/>\nNomination Outstanding Performance by an Actor in a Leading Role: Nyamandi Adrian<br \/>\nNomination Outstanding Performance by an Actor in a Supporting Role: Jannik Sch\u00fcmann<br \/>\nNomination Outstanding Performance by an Actor in a Supporting Role: Juan Carlos Lo Sasso<br \/>\nNomination Outstanding Performance by an Actress in a Supporting Role: Romina K\u00fcper<\/p>\n<p>Calella Film Festival 2020<br \/>\nBest direction win : Marie Diane Ventura<br \/>\nBest Actor win : Nyamandi Adrian<br \/>\nBest Actor win : Jannik Sch\u00fcmann<\/p>\n<p>Soho International Film Festival 2020 | Official Selection<\/p>\n<p><strong>Blind und H\u00e4sslich | Blind and Ugly<\/strong><br \/>\nPreis der deutschen Filmkritik | Beste Darstellerinnen Clara Schramm und Naomi Achternbusch\u00a0 2017<br \/>\nFipresci Award | Preis des internationalen Verbandes der Filmkritik, Filmfest M\u00fcnchen\u00a0 2017<br \/>\nSeymour Cassel Award | Outstanding Performance by an Ensemble | Oldenburg Film Festival 2017<br \/>\nGerman Independence Award | Audience Award | Best Film | Nomination | Oldenburg Film Festival 2017<br \/>\nPublikumspreis | Festival des Deutschen Kinofilms Mainz 2017<\/p>\n<p><strong>Meine B\u00e4ckerblume<\/strong><br \/>\nBest Romantic Short \/ Int. Ind. Permanent Memories Festival \/ 2017<br \/>\nBester Film, Beste Regie und Publikumspreis \/ Nominierungen \/ Sup&#8216; de Courts European Short Film Festival Paris \/ 2017<br \/>\nBest Foreign Short Film \/ Best Supporting Actress Laura Berlin \/ Nominierungen \/ Twister Alley International Filmfestival \/ 2017<\/p>\n<p><strong>Unkraut im Paradies<\/strong><br \/>\nBester Spielfilm \/ Filmfest Schleswig-Holstein \/ 2010<br \/>\nBeste Nachwuchsregie \/ Norddeutscher Filmpreis \/ 2010<\/p>\n<p><strong>Zwei zu Dritt<\/strong><br \/>\nPublikumspreis Beste Regie \/ Festival Internacional de J\u00f3venes Granada \/ 2008<br \/>\nPublikumspreis \/ Dreilandfestival \/ 2008<\/p>\n<p><strong>Homeland Security<\/strong><br \/>\nBester Kurzfilm \/ Nominierung \/ Max Oph\u00fcls Festival \/ 2005<\/p>\n<p><strong>Poem \/ Ich setzte den Fu\u00df in die Luft und sie trug<\/strong><br \/>\nGrimme Online Award \/ 2004<\/p>\n<p><strong>Nach grauen Tagen<\/strong><br \/>\nZebra Poetry Film Award \/ 2004<\/p>\n<p><strong>Die Unber\u00fchrbare<\/strong><br \/>\nBester Spielfilm \/ Deutscher Filmpreis in Gold \/ 2000<br \/>\nBeste Schauspielerin \/ Hannelore Elsner \/ Deutscher Filmpreis \/ 2000<br \/>\nBeste Schauspielerin \/ Hannelore Elsner \/ Bayrischer Filmpreis \/ 2000<br \/>\nBeste Schauspielerin \/ Hannelore Elsner \/ Chicago Internat. Film Festival \/ 2000<br \/>\nBester Spielfilm \/ Cinequest San Jose Film Festival \/ 2001<br \/>\nBester Spielfilm \/ Preis der Deutschen Filmkritik \/ 2000<br \/>\nu.v.m.<\/p>\n<p><strong>AUSWAHL AUSZEICHNUNGEN | WERBEPROJEKTE <\/strong><\/p>\n<p><strong>Axe | Find Your Magic<\/strong><br \/>\nBronze \/ Kategorie Bester Werbefilm \/ Clio Awards 2016<\/p>\n<p><strong>G-Idee | Niemand mag Socken zu Weihnachten<\/strong><br \/>\nAuszeichnung \/ TV Kino Einzelspot \/ ADC 2016<br \/>\nAuszeichnung \/ TV Kino Kampagne \/ ADC 2015<\/p>\n<p><strong>Fonic | Der Mann, der immer die Wahrheit sagt<\/strong><br \/>\nAuszeichnung \/ Filmcraft Casting \/ ADC 2013<\/p>\n<p><strong>Adidas miCoach | Heiner Brand<\/strong><br \/>\nReklamefilmpreis \/ Bestes Casting \/ 2012<\/p>\n<p><strong>Virgin Mobile Media | Fantastic Journey<\/strong><br \/>\nGold \/ TV Kino Online \/ London International Awards \/ 2012<\/p>\n<p><strong>Mercedes Benz | 4matics<\/strong><br \/>\nBronze \/ TV Kino Einzelspot \/ ADC 2008<\/p>\n<p><strong>Hypovereinsbank | Bumpers | J\u00fcrgen Vogel &amp; Liselotte Pulver<\/strong><br \/>\nBronze \/ Kategorie TV-Spots \/ ADC Deutschland \/ 2002<\/p>\n<p><strong>United Nations Foundation | UN PSA Aids Kids<\/strong><br \/>\nGold Bell \/ AD Council \/ 2002<\/p>\n<p><strong>Hypovereinsbank | Different Planet<\/strong><br \/>\nBronze \/ Kategorie TV-Spots \/ ADC Deutschland \/ 2000<\/p>","protected":false},"excerpt":{"rendered":"<p>Casting Director Ana D\u00e1vila besetzt seit \u00fcber 20 Jahren erfolgreich Spielfilme, TV Serien, Werbespots, Kurzfilme und Musikvideos. Darunter preisgekr\u00f6nte Kinofilme wie Oskar Roehlers &#8222;Die Unber\u00fchrbare&#8220;, Ralf Schmerbergs &#8222;Poem&#8220;,\u00a0Tom Lass\u00b4 &#8222;Blind &amp; H\u00e4sslich&#8220;, zahlreiche TV Produktionen und Serien, sowie hochkar\u00e4tige Werbeproduktionen f\u00fcr internationale Kampagnen.. Im Laufe Ihrer Karriere war sie f\u00fcr das Casting von \u00fcber 600 [&hellip;]<\/p>\n","protected":false},"author":1,"featured_media":0,"parent":0,"menu_order":0,"comment_status":"open","ping_status":"open","template":"","meta":[],"_links":{"self":[{"href":"https:\/\/www.anadavilacasting.de\/de\/wp-json\/wp\/v2\/pages\/20"}],"collection":[{"href":"https:\/\/www.anadavilacasting.de\/de\/wp-json\/wp\/v2\/pages"}],"about":[{"href":"https:\/\/www.anadavilacasting.de\/de\/wp-json\/wp\/v2\/types\/page"}],"author":[{"embeddable":true,"href":"https:\/\/www.anadavilacasting.de\/de\/wp-json\/wp\/v2\/users\/1"}],"replies":[{"embeddable":true,"href":"https:\/\/www.anadavilacasting.de\/de\/wp-json\/wp\/v2\/comments?post=20"}],"version-history":[{"count":104,"href":"https:\/\/www.anadavilacasting.de\/de\/wp-json\/wp\/v2\/pages\/20\/revisions"}],"predecessor-version":[{"id":1566,"href":"https:\/\/www.anadavilacasting.de\/de\/wp-json\/wp\/v2\/pages\/20\/revisions\/1566"}],"wp:attachment":[{"href":"https:\/\/www.anadavilacasting.de\/de\/wp-json\/wp\/v2\/media?parent=20"}],"curies":[{"name":"wp","href":"https:\/\/api.w.org\/{rel}","templated":true}]}}