{"id":28,"date":"2014-02-26T14:56:14","date_gmt":"2014-02-26T12:56:14","guid":{"rendered":"https:\/\/www.anadavilacasting.de\/?page_id=28"},"modified":"2025-04-29T11:49:42","modified_gmt":"2025-04-29T09:49:42","slug":"kontakt","status":"publish","type":"page","link":"https:\/\/www.anadavilacasting.de\/de\/kontakt\/","title":{"rendered":"Kontakt"},"content":{"rendered":"<p><\/p>\n<div class=\"half\">\n<p class=\"p1\"><span class=\"s1\">ana d\u00e1vila casting berlin<br \/>\nphone : <a href=\"tel:+493028384468\">+49 30 28 38 44 68<\/a><br \/>\ncell : \u00a0 \u00a0 \u00a0<a href=\"tel:+491621767085\">+49 162 17 67 085<\/a><br \/>\nemail: \u00a0 \u00a0<a href=\"mailto:info@anadavilacasting.de\">info@anadavilacasting.de<\/a><br \/>\n<\/span><\/p>\n<p>&nbsp;<\/p>\n<p>Liebe Schauspieler*innen<\/p>\n<p>Wir freuen uns \u00fcber die Zusendung Ihrer Bewerbung, bitte beachten Sie dabei Folgendes:<\/p>\n<p>Schicken Sie Ihre Bewerbung mit einem Link zu aktuellen Fotos und zum aktuellen Showreel ausschlie\u00dflich an oben genannte E-Mailadresse.<\/p>\n<p>Alle Bewerbungsmails werden aufmerksam gelesen und zur Kenntnis genommen.<br \/>\nWir f\u00fchren keine interne Datenbank mehr.<br \/>\nAchten Sie darauf, dass Ihr Profil und Ihre Kontaktdaten in allen g\u00e4ngigen Datenbanken, z.B. bei <a href=\"https:\/\/www.filmmakers.eu\" target=\"_blank\" rel=\"noopener\">filmmakers<\/a>,\u00a0<a href=\"https:\/\/www.schauspielervideos.de\/\" target=\"_blank\" rel=\"noopener\">schauspielervideos<\/a>, <a href=\"https:\/\/www.castforward.de\" target=\"_blank\" rel=\"noopener\">castforward <\/a>und gegebenenfalls auch bei <a href=\"https:\/\/www.spotlight.com\/\" target=\"_blank\" rel=\"noopener\">spotlight <\/a> gut auffindbar und aktuell sind.<\/p>\n<p>Sehr wichtig ist ein aktuelles Showreel im Profil, mit Material, das nicht \u00e4lter als 2-3 Jahre ist.<br \/>\nFalls es kein aktuelles Material gibt, ist ein aktueller About-Me Clip eine gute Zwischenl\u00f6sung.<br \/>\nWeitere Tips zur Pr\u00e4sentation finden sich z.B. hier, auf der\u00a0<a href=\"https:\/\/castingverband.de\/de\/recourses-de\/\"><span class=\"s2\">BVC SEITE.<\/span><\/a><\/p>\n<p>&nbsp;<\/p>\n<p>Bitte haben Sie Verst\u00e4ndnis daf\u00fcr, dass wir aus Zeitgr\u00fcnden nicht jede Mail beantworten k\u00f6nnen und sehen Sie auch von telefonischen Nachfragen ab.<\/p>\n<p>Sobald wir eine Produktion besetzen, in die Sie gut hineinpassen k\u00f6nnten, werden wir uns bei Ihnen melden und Sie gegebenenfalls zum Casting einladen.<\/p>\n<p>Bitte senden Sie uns unaufgefordert keine Showreels \u00fcber Wetransfer, Dropbox oder andere Filesharingplattformen.<\/p>\n<p>Pers\u00f6nliche Termine vereinbaren wir vorwiegend projektbezogen.<\/p>\n<p>Wir sind gespannt auf Sie und freuen uns auf eine gute Zusammenarbeit!<\/p>\n<p>Herzliche Gr\u00fc\u00dfe<\/p>\n<p>Ana D\u00e1vila &amp; Team<\/p>\n<p>&nbsp;<\/p>\n<p>&nbsp;<\/p>\n<p>&nbsp;<\/p>\n<\/div>\n<p><\/p>","protected":false},"excerpt":{"rendered":"<p>ana d\u00e1vila casting berlin phone : +49 30 28 38 44 68 cell : \u00a0 \u00a0 \u00a0+49 162 17 67 085 email: \u00a0 \u00a0info@anadavilacasting.de &nbsp; Liebe Schauspieler*innen Wir freuen uns \u00fcber die Zusendung Ihrer Bewerbung, bitte beachten Sie dabei Folgendes: Schicken Sie Ihre Bewerbung mit einem Link zu aktuellen Fotos und zum aktuellen Showreel ausschlie\u00dflich [&hellip;]<\/p>\n","protected":false},"author":1,"featured_media":0,"parent":0,"menu_order":0,"comment_status":"open","ping_status":"open","template":"","meta":[],"_links":{"self":[{"href":"https:\/\/www.anadavilacasting.de\/de\/wp-json\/wp\/v2\/pages\/28"}],"collection":[{"href":"https:\/\/www.anadavilacasting.de\/de\/wp-json\/wp\/v2\/pages"}],"about":[{"href":"https:\/\/www.anadavilacasting.de\/de\/wp-json\/wp\/v2\/types\/page"}],"author":[{"embeddable":true,"href":"https:\/\/www.anadavilacasting.de\/de\/wp-json\/wp\/v2\/users\/1"}],"replies":[{"embeddable":true,"href":"https:\/\/www.anadavilacasting.de\/de\/wp-json\/wp\/v2\/comments?post=28"}],"version-history":[{"count":46,"href":"https:\/\/www.anadavilacasting.de\/de\/wp-json\/wp\/v2\/pages\/28\/revisions"}],"predecessor-version":[{"id":1598,"href":"https:\/\/www.anadavilacasting.de\/de\/wp-json\/wp\/v2\/pages\/28\/revisions\/1598"}],"wp:attachment":[{"href":"https:\/\/www.anadavilacasting.de\/de\/wp-json\/wp\/v2\/media?parent=28"}],"curies":[{"name":"wp","href":"https:\/\/api.w.org\/{rel}","templated":true}]}}